{"id":7744,"date":"2019-01-07T18:12:04","date_gmt":"2019-01-07T18:12:04","guid":{"rendered":"http:\/\/icom-milano-2016.icom.cust.oxymium.net\/related-events\/about-the-conference-theme\/catania-16-18-ottobre-2015-2\/"},"modified":"2019-01-07T18:31:20","modified_gmt":"2019-01-07T18:31:20","slug":"catania-16-18-ottobre-2015-2","status":"publish","type":"page","link":"https:\/\/icom-milano-2016.mini.icom.museum\/it\/related-events\/about-the-conference-theme\/catania-16-18-ottobre-2015-2\/","title":{"rendered":"Catania, 16-18 Ottobre 2015"},"content":{"rendered":"<div id=\"RTE_CONTENT\"> <!--TYPO3SEARCH_begin--> \t<!--  CONTENT ELEMENT, uid:15988\/textpic [begin] --> \t\t<\/p>\n<div id=\"c15988\"> \t\t<!--  Header: [begin] --> \t\t\t<\/p>\n<h2>Museums and World Cultural Heritage <\/h2>\n<p> \t\t<!--  Header: [end] --> \t\t\t \t\t<!--  Image block: [begin] --> \t\t\t<\/p>\n<div> \t\t<!--  Text: [begin] --> \t\t\t<\/p>\n<p><i>La Conferenza internazionale \u201cMusei e Patrimonio dell\u2019Umanit\u00e0 \u00e8 promossa da ICOM Italia in\u00a0<\/i><i>preparazione della 24a Conferenza Generale dell\u2019ICOM che si svolger\u00e0 a Milano dal 3 al 9 luglio 2016.\u00a0<\/i><i>La Conferenza \u00e8 organizzata in collaborazione con la Regione Sicilia, la Citt\u00e0 di Catania, l\u2019Universit\u00e0 degli Studi Catania, la Commissione Nazionale Italiana per l\u2019UNESCO, l\u2019AGeI, con il CNR &#8211; IBAM, il Parco dell\u2019Etna, la Fondazione Patrimonio Unesco Sicilia e il CUneS.\u00a0<\/i><i>Gode del patrocinio dell\u2019International Council of Museums e sono stati richiesti il patrocinio dell\u2019UNESCO e del Ministero dei Beni e delle Attivit\u00e0 Culturali e del Turismo.<\/i><i>\u00a0<\/i><\/p>\n<div>\n<p><a href=\"http:\/\/icom-milano-2016.mini.icom.museum\/wp-content\/uploads\/sites\/47\/2019\/01\/Riflessioni_sul_tema_della_Conferenza_di_Catania.pdf\" title=\"TEXT, Riflessioni sul tema della Conferenza di Catania, Riflessioni_sul_tema_della_Conferenza_di_Catania.pdf, 363 KB\" target=\"blank\">Riflessioni sul tema della Conferenza di Catania<\/a><\/p>\n<\/div>\n<div>\n<p><b><br \/><\/b><b>La 24a Conferenza Generale dell\u2019ICOM di Milano 2016<span>\u00a0<\/span><\/b> <\/p>\n<p>\u00abMusei e paesaggi culturali\u00bb \u00e8 il tema scelto, su proposta di ICOM Italia, per la 24a Conferenza Generale dell\u2019ICOM che si svolger\u00e0 a Milano dal 3 al 9 luglio 2016. <\/p>\n<p>\u00c8 un tema che si colloca al cuore stesso della visione strategica di ICOM, perch\u00e9 si propone di esaminare in che modo i musei possono contribuire a far s\u00ec che \u2019importanza del patrimonio naturale e culturale sia universalmente riconosciuta. <\/p>\n<p><i>Il paesaggio \u00e8 \u2013 allo stesso tempo \u2013 parte del patrimonio, il contesto entro cui si inscrivono i\u00a0<span>musei e un patrimonio da conservare, interpretare e gestire in quanto tale. A chi pu\u00f2 essere affidata, nella societ\u00e0 contemporanea, la responsabilit\u00e0 primaria di quella componente essenziale del patrimonio costituito dai paesaggi culturali? In che modo i musei possono c<\/span><span>ontribuire ad assicurarne la conoscenza, la onservazione, la comunicazione? Per i musei, aprirsi al paesaggio culturale che li circonda, significa impegnarsi rispetto al patrimonio e alla societ\u00e0 contemporanei. Partendo dalla molteplicit\u00e0 degli approcci esistenti e\u00a0<\/span><span>adottando modelli nuovi in mondo in rapida evoluzione.<\/span><\/i> <\/p>\n<p>\u00c8 un impegno scientifico e culturale in primo luogo, ma anche un progetto istituzionale e politico. \u00c8 una sfida: museologica perch\u00e9 propone una nuova forma di museo; museografica perch\u00e9 impone nuove forme d\u2019interpretazione del patrimonio. E anche deontologica, in quanto definisce nuove responsabilit\u00e0 per i musei e per i professionisti del patrimonio.\u00a0<span>\u00a0<\/span><\/p>\n<\/p><\/div>\n<div>\n<p><b>Verso ICOM Milano 2016<\/b><b>\u00a0<\/b><\/p>\n<\/div>\n<div>\n<p>La preparazione della 24a Conferenza Generale dell\u2019ICOM ha impegnato il Comitato nazionale italiano non solo nella preparazione di un evento che coinvolger\u00e0 professionisti museali di tutto il mondo, ma anche nell\u2019approfondimento teorico di un tema caro alla museologia italiana: quello del rapporto tra musei e territorio di appartenenza e di riferimento, della\u00a0<span>relazione che essi hanno o stabiliscono con il patrimonio a cielo aperto e con la comunit\u00e0. Un tema, com\u2019\u00e8 noto, che connota l\u2019intero dibattito museologico e museografico italiano dall\u2019Unit\u00e0 a oggi, con i significativi precedenti a tutti noti.\u00a0<\/span> <\/p>\n<p>2 Un Seminario, svoltosi a Nuoro nel settembre 2013, e una Conferenza internazionale, quella di Siena del luglio 2014, hanno approfondito la questione del rapporto fra musei e paesaggi culturali da molteplici punti di vista, portando alla redazione della \u201cCarta di Siena su musei e paesaggi culturali\u201d che individua le motivazioni, le modalit\u00e0 e le finalit\u00e0 di un museo responsabile del paesaggio culturale. <\/p>\n<p>ICOM Italia ha sentito la necessit\u00e0 di andare oltre nella propria riflessione strategica, aprendo un confronto con i molti attori della tutela e valorizzazione del paesaggio sul ruolo che i musei hanno assunto e potrebbero assumere nel contesto di situazioni e progetti di carattere ambientale e paesaggistico.<\/p>\n<\/p><\/div>\n<div>\n<p><b>Musei e Siti del Patrimonio dell\u2019Umanit\u00e0<\/b> <\/p>\n<p>Di particolare importanza sono parsi i Siti del Patrimonio dell\u2019Umanit\u00e0, indipendentemente\u00a0<span>dalla loro specifica natura, come modello di individuazione, di tutela, valorizzazione e gestione\u00a0<\/span><span>di beni culturali e ambientali di tale rilevanza da condurre l\u2019UNESCO a iscriverli in una Lista mondiale in base al loro \u201cevidente valore universale\u201d.<\/span> <\/p>\n<p>Per questo ICOM Italia ha accolto con entusiasmo la proposta delle Autorit\u00e0 siciliane di dedicare una riflessione al ruolo che i musei hanno o possono avere nella gestione dei Siti della Sicilia, estesa a quelli dell\u2019Italia e dei Paesi dell\u2019Europa e del Mediterraneo, dedicando loro una Conferenza internazionale che analizzi la loro situazione e le loro potenzialit\u00e0. <\/p>\n<p>L\u2019esame dei modelli di tutela e valorizzazione di questi Siti consente infatti di stabilire principi e criteri di gestione dei paesaggio culturali estensibili anche ad altri contesti e di stabilire non solo che ruolo possono assumere i musei, ma anche quali musei sono in grado di svolgerlo nel modo migliore. <\/p>\n<p><b>Dalla Sicilia all\u2019Europa e al Mediterraneo<\/b> <\/p>\n<p>Per rispondere a questi interrogativi \u00e8 parso opportuno collocare l\u2019esame dei Siti dell\u2019Isola nel pi\u00f9 vasto contesto dell\u2019Europa e del Mediterraneo, attivando un confronto far le sue diverse realt\u00e0 che, nel loro insieme, costituiscono un osservatorio particolarmente significativo dei punti di forza e di debolezza, dei rischi e delle opportunit\u00e0 sul ruolo che i musei hanno o\u00a0<span>possono avere nel contesto di una grande variet\u00e0 di Siti iscritti nella Lista del Patrimonio\u00a0<\/span><span>Mondiale UNESCO.<\/span> <\/p>\n<p>Suddiviso in tre sessioni \u2013 rispettivamente dedicate ai Siti della Sicilia, dell\u2019Italia e dei Paesi che\u00a0<span>si affacciano sul Mediterraneo, la Conferenza di Catania del 16-18 ottobre 2015 si propone di offrire un contributo di conoscenze e di riflessioni sul tema del ruolo dei musei nei Siti del Patrimonio dell\u2019Umanit\u00e0 da tradurre in una Carta destinata non solo a contribuire alla preparazione della 24a Conferenza Generale dell\u2019ICOM di Milano 2016, ma a offrire linee guida e indicazioni sul ruolo che i musei possono svolgere dell\u2019individuazione, gestione e\u00a0<\/span><span>valorizzazione dei Siti, qualunque sia la loro natura.<\/span> <\/p>\n<p>Dopo una sessione di introduzione al tema, tre sessioni a carattere plenario saranno dedicate a studi di caso particolarmente significativi per la Sicilia, l\u2019Italia e i Paesi del Mediterraneo dedicando, in questo caso, particolare attenzione ai Siti coinvolti in eventi in grado di comprometterne la sicurezza e integrit\u00e0. <\/p>\n<p>Ad essa sono stati invitati come relatori i responsabili dei Siti maggiormente significativi della Sicilia, dell\u2019Italia e dei Paesi del Mediterraneo e dei Comitati nazionali e regionali dell\u2019ICOM dell\u2019Europa e del Mediterraneo; rappresentanti UNESCO ed esperti in pianificazione e valorizzazione del \u201cpatrimonio culturale\u201d. <\/p>\n<p>Al termine dei lavori si svolger\u00e0 un\u2019escursione nel Parco dell\u2019Etna riservata ai partecipanti della Conferenza. <\/p>\n<p><b>Cliccare\u00a0<\/b><span><a href=\"http:\/\/icom-milano-2016.mini.icom.museum\/wp-content\/uploads\/sites\/47\/2019\/01\/locandinaICOMcatania2015_IT_final.pdf\" title=\"locandinaICOMcatania2015_IT_final.pdf (750 KB)\" target=\"blank\">qui<\/a><\/span><b> per scaricare il programma della Conferenza.\u00a0<\/b><\/p>\n<\/p><\/div>\n<div>\n<p><img decoding=\"async\" src=\"http:\/\/icom-milano-2016.mini.icom.museum\/wp-content\/uploads\/sites\/47\/2019\/01\/RTEmagicC_testataicomcatania2015_03.jpg.jpg\" alt=\"\"><\/p>\n<\/div>\n<p> \t\t<!--  Text: [end] --> \t\t\t<\/div>\n<p> \t\t<!--  Image block: [end] --> \t\t\t   \t<!--  \t\tBEGIN: Content of extension \"hpo_relatedlink\", plugin \"tx_hporelatedlink_pi1\"  \t--> \t<\/p>\n<div> \t\t \t<\/div>\n<p> \t \t<!-- END: Content of extension \"hpo_relatedlink\", plugin \"tx_hporelatedlink_pi1\" -->  \t<\/div>\n<p> \t<!--  CONTENT ELEMENT, uid:15988\/textpic [end] --> \t\t<!--TYPO3SEARCH_end--> <\/div>\n","protected":false},"excerpt":{"rendered":"<p>Museums and World Cultural Heritage La Conferenza internazionale \u201cMusei e Patrimonio dell\u2019Umanit\u00e0 \u00e8 promossa da ICOM Italia in\u00a0preparazione della 24a Conferenza Generale dell\u2019ICOM che si svolger\u00e0 a Milano dal 3 al 9 luglio 2016.\u00a0La Conferenza \u00e8 organizzata in collaborazione con la Regione Sicilia, la Citt\u00e0 di Catania, l\u2019Universit\u00e0 degli Studi Catania, la Commissione Nazionale Italiana [&hellip;]<\/p>\n","protected":false},"author":1,"featured_media":0,"parent":1264,"menu_order":4,"comment_status":"closed","ping_status":"closed","template":"","meta":{"footnotes":""},"yst_prominent_words":[],"acf":[],"_links":{"self":[{"href":"https:\/\/icom-milano-2016.mini.icom.museum\/it\/wp-json\/wp\/v2\/pages\/7744"}],"collection":[{"href":"https:\/\/icom-milano-2016.mini.icom.museum\/it\/wp-json\/wp\/v2\/pages"}],"about":[{"href":"https:\/\/icom-milano-2016.mini.icom.museum\/it\/wp-json\/wp\/v2\/types\/page"}],"author":[{"embeddable":true,"href":"https:\/\/icom-milano-2016.mini.icom.museum\/it\/wp-json\/wp\/v2\/users\/1"}],"replies":[{"embeddable":true,"href":"https:\/\/icom-milano-2016.mini.icom.museum\/it\/wp-json\/wp\/v2\/comments?post=7744"}],"version-history":[{"count":1,"href":"https:\/\/icom-milano-2016.mini.icom.museum\/it\/wp-json\/wp\/v2\/pages\/7744\/revisions"}],"predecessor-version":[{"id":12136,"href":"https:\/\/icom-milano-2016.mini.icom.museum\/it\/wp-json\/wp\/v2\/pages\/7744\/revisions\/12136"}],"up":[{"embeddable":true,"href":"https:\/\/icom-milano-2016.mini.icom.museum\/it\/wp-json\/wp\/v2\/pages\/1264"}],"wp:attachment":[{"href":"https:\/\/icom-milano-2016.mini.icom.museum\/it\/wp-json\/wp\/v2\/media?parent=7744"}],"wp:term":[{"taxonomy":"yst_prominent_words","embeddable":true,"href":"https:\/\/icom-milano-2016.mini.icom.museum\/it\/wp-json\/wp\/v2\/yst_prominent_words?post=7744"}],"curies":[{"name":"wp","href":"https:\/\/api.w.org\/{rel}","templated":true}]}}