{"id":7692,"date":"2019-01-07T18:11:41","date_gmt":"2019-01-07T18:11:41","guid":{"rendered":"http:\/\/icom-milano-2016.icom.cust.oxymium.net\/related-events\/about-the-conference-theme\/conferenza-internazionale-di-siena-2\/"},"modified":"2019-01-07T18:31:21","modified_gmt":"2019-01-07T18:31:21","slug":"conferenza-internazionale-di-siena-2","status":"publish","type":"page","link":"https:\/\/icom-milano-2016.mini.icom.museum\/it\/related-events\/about-the-conference-theme\/conferenza-internazionale-di-siena-2\/","title":{"rendered":"Conferenza Internazionale di Siena"},"content":{"rendered":"<div id=\"RTE_CONTENT\"> <!--TYPO3SEARCH_begin--> \t<!--  CONTENT ELEMENT, uid:13642\/textpic [begin] --> \t\t<\/p>\n<div id=\"c13642\"> \t\t<!--  Header: [begin] --> \t\t\t<\/p>\n<h2>Musei e paesaggi culturali \u2013 Conferenza Internazionale ICOM &#8211; Siena (Italia), 7 luglio 2014<\/h2>\n<p> \t\t<!--  Header: [end] --> \t\t\t \t\t<!--  Image block: [begin] --> \t\t\t<\/p>\n<div> \t\t<!--  Text: [begin] --> \t\t\t<\/p>\n<p><b>Il 7 luglio, pi\u00f9 di 250 professionisti museali italiani, europei e giapponesi, cos\u00ec come associazioni culturali italiane ed internazionali, si sono incontrati a Siena (Italia) per discutere di \u201cMusei e Paesaggi Culturali\u201d, il tema della Conferenza Generale ICOM 2016. Al termine della conferenza, i partecipanti hanno proposto la <a href=\"http:\/\/icom-milano-2016.mini.icom.museum\/wp-content\/uploads\/sites\/47\/2019\/01\/Carta_di_Siena_IT_final.pdf\" title=\"TEXT, Carta di Siena IT final, Carta_di_Siena_IT_final.pdf, 410 KB\" target=\"_blank\">Carta di Siena<\/a>, un documento che presenta la prospettiva italiana sulla responsabilit\u00e0 dei musei nei confronti del patrimonio culturale e dei paesaggi che li circondano.<\/b> <\/p>\n<p>La Conferenza di Siena ha costituito <b>il punto di partenza per la discussione all\u2019interno del network mondiale ICOM sul tema del 2016<\/b>. L\u2019obiettivo di ICOM Italia \u00e8 che una \u201cDichiarazione sui Musei ed i Paesaggi Culturali\u201d venga approvata a Milano, cos\u00ec che possano essere definiti nuovi obiettivi strategici e programmi per i musei contemporanei. <\/p>\n<p>I partecipanti alla Conferenza hanno discusso la Carta di Siena, il documento che presenta il punto di vista italiano sulla responsabilit\u00e0 dei musei nei confronti del patrimonio culturale e dei paesaggi che li circondano. \u00a0ICOM Italia confida che nel 2015 i meeting annuali dei Comitati Nazionali ed Internazionali, delle Organizzazioni Affiliate e delle Organizzazioni Regionali dedicheranno parte dei loro programmi al tema \u201cMusei e Paesaggi Culturali\u201d, <b>confrontanto punti di vista, esperienze e contesti legali e proponendo nuove idee ed approcci<\/b>. <\/p>\n<p>Entro il 2016, saranno affrontati almeno <b>quattro differenti topics<\/b>. <\/p>\n<p>In primis l<b>a percezione del paesaggio cambia da un Paese all&#8217;altro ed \u00e8 collegato ai diversi contesti culturali<\/b>. In alcune lingue il termine paesaggio non esiste neppure. ICOM rispetta la diversit\u00e0 culturale e promuove un accordo pi\u00f9 ampio e comprensivo possibile del termine Paesaggio. Il Paesaggio \u00e8 un concetto con molte sfaccettature che, al suo significato fisico, naturale e geografico, aggiunge una dimensione antropologica, sociale, economica e culturale. I paesaggi, nei loro aspetti tangibili ed intangibili, sono parte del patrimonio cultirale e naturale da preservare, interpretare e di cui prendersi cura. <\/p>\n<p>In secondo luogo ICOM vorrebbe evidenziare le <b>nuove funzioni sociali e territoriali dei musei<\/b>. Come possono i musei prendersi la responsabilit\u00e0 del patrimonio culturale ed ambientale che li circonda e supportare la sua protezione, la sua conoscenza e la sua comunicazione? Come possono i musei diventare centri di interpretazione dei luoghi e delle comunit\u00e0 a cui appartengono? Come possono i musei diffondere la conoscenza relativa al patrimonio culturale? I musei dovrebbero essere parte attiva nella preservazione non solo delle loro collezioni, ma anche del patrimonio culturale e naturale, tangibile ed intangibile, che li circonda. Le competenze e le risorse necessarie a fare ci\u00f2 dovrebbero essere analizzate. <\/p>\n<p>In terzo luogo, affrontare le relazioni tra musei e paesaggi culturali offre la <b>possibilit\u00e0 di formare nuove <i>partnership<\/i>, di creare nuovi network e di svilupare nuovi approcci interdisciplinari<\/b>. Come possiamo promuovere la cooperazione effettiva tra musei, professionisti, organizzazioni ed istituzioni? <\/p>\n<p>Il quarto topic si interroga su come possano i musei aiutare i politici ed gli organizzatori nel <b>promuovere uno sviluppo sostenibile e la preservazione dei paesaggi<\/b> promuovendo il turismo senza mettere a repentaglio il patrimonio culturale e naturale. <\/p>\n<p>L\u2019obiettivo di ICOM \u00e8 l\u2019approvazione di una \u201c<b>Dichiarazione di ICOM sui Musei ed i Paesaggi Culturali<\/b>\u201d nell\u2019ambito della 24sima Conferenza Generale ICOM a Milano, cos\u00ec che nuovi obiettivi strategici e nuovi programmi per i musei contemporanei possano essere definiti. ICOM mira ad identificare un centinaio di azioni innovative di musei appartenenti a diversi Paesi e culture, al fine di presentare le <i>best practices<\/i> internazionali durante la Conferenza di Milano. <\/p>\n<p>Facendo seguito alla Conferenza Internazionale di Siena, \u00e8 stata redatta la <a href=\"http:\/\/icom-milano-2016.mini.icom.museum\/wp-content\/uploads\/sites\/47\/2019\/01\/Carta_di_Siena_IT_final.pdf\" title=\"TEXT, Carta di Siena IT final, Carta_di_Siena_IT_final.pdf, 410 KB\" target=\"_blank\"><b>Carta di Siena<\/b><\/a>.\u00a0 <\/p>\n<p>Cliccare <a href=\"http:\/\/icom-milano-2016.mini.icom.museum\/wp-content\/uploads\/sites\/47\/2019\/01\/hinz_siena2014.pdf\" title=\"TEXT, hinz siena2014, hinz_siena2014.pdf, 192 KB\" target=\"_blank\">qui<\/a> per scaricare il discorso del Presidente ICOM, Dr. Hans-Martin Hinz, e <a href=\"http:\/\/icom-milano-2016.mini.icom.museum\/wp-content\/uploads\/sites\/47\/2019\/01\/siena_conference_remark_by_suzuki_chihei.pdf\" title=\"TEXT, siena conference remark by suzuki chihei, siena_conference_remark_by_suzuki_chihei.pdf, 3.9 MB\" target=\"_blank\">qui<\/a> per scaricare il discorso di Mr. Chihei Suzuki, della divisione \u201cMonumenti e siti culturali\u201d, Dipartimento dei Beni Culturali dell\u2019Agenzia degli Affari Culturali del Giappone. <\/p>\n<p>Il programma della conferenza \u00e8 scaricabile <a href=\"http:\/\/icom-milano-2016.mini.icom.museum\/wp-content\/uploads\/sites\/47\/2019\/01\/deplianticom2014web.pdf\" title=\"Opens external link in new window\" target=\"blank\">qui<\/a>.<\/p>\n<p> \t\t<!--  Text: [end] --> \t\t\t<\/div>\n<p> \t\t<!--  Image block: [end] --> \t\t\t   \t<!--  \t\tBEGIN: Content of extension \"hpo_relatedlink\", plugin \"tx_hporelatedlink_pi1\"  \t--> \t<\/p>\n<div> \t\t \t<\/div>\n<p> \t \t<!-- END: Content of extension \"hpo_relatedlink\", plugin \"tx_hporelatedlink_pi1\" -->  \t<\/div>\n<p> \t<!--  CONTENT ELEMENT, uid:13642\/textpic [end] --> \t\t<!--TYPO3SEARCH_end--> <\/div>\n","protected":false},"excerpt":{"rendered":"<p>Musei e paesaggi culturali \u2013 Conferenza Internazionale ICOM &#8211; Siena (Italia), 7 luglio 2014 Il 7 luglio, pi\u00f9 di 250 professionisti museali italiani, europei e giapponesi, cos\u00ec come associazioni culturali italiane ed internazionali, si sono incontrati a Siena (Italia) per discutere di \u201cMusei e Paesaggi Culturali\u201d, il tema della Conferenza Generale ICOM 2016. Al termine [&hellip;]<\/p>\n","protected":false},"author":1,"featured_media":0,"parent":1264,"menu_order":3,"comment_status":"closed","ping_status":"closed","template":"","meta":{"footnotes":""},"yst_prominent_words":[],"acf":[],"_links":{"self":[{"href":"https:\/\/icom-milano-2016.mini.icom.museum\/it\/wp-json\/wp\/v2\/pages\/7692"}],"collection":[{"href":"https:\/\/icom-milano-2016.mini.icom.museum\/it\/wp-json\/wp\/v2\/pages"}],"about":[{"href":"https:\/\/icom-milano-2016.mini.icom.museum\/it\/wp-json\/wp\/v2\/types\/page"}],"author":[{"embeddable":true,"href":"https:\/\/icom-milano-2016.mini.icom.museum\/it\/wp-json\/wp\/v2\/users\/1"}],"replies":[{"embeddable":true,"href":"https:\/\/icom-milano-2016.mini.icom.museum\/it\/wp-json\/wp\/v2\/comments?post=7692"}],"version-history":[{"count":1,"href":"https:\/\/icom-milano-2016.mini.icom.museum\/it\/wp-json\/wp\/v2\/pages\/7692\/revisions"}],"predecessor-version":[{"id":12137,"href":"https:\/\/icom-milano-2016.mini.icom.museum\/it\/wp-json\/wp\/v2\/pages\/7692\/revisions\/12137"}],"up":[{"embeddable":true,"href":"https:\/\/icom-milano-2016.mini.icom.museum\/it\/wp-json\/wp\/v2\/pages\/1264"}],"wp:attachment":[{"href":"https:\/\/icom-milano-2016.mini.icom.museum\/it\/wp-json\/wp\/v2\/media?parent=7692"}],"wp:term":[{"taxonomy":"yst_prominent_words","embeddable":true,"href":"https:\/\/icom-milano-2016.mini.icom.museum\/it\/wp-json\/wp\/v2\/yst_prominent_words?post=7692"}],"curies":[{"name":"wp","href":"https:\/\/api.w.org\/{rel}","templated":true}]}}