{"id":1600,"date":"2019-01-07T17:54:55","date_gmt":"2019-01-07T17:54:55","guid":{"rendered":"http:\/\/icom-milano-2016.icom.cust.oxymium.net\/accommodation\/alloggi-economici\/"},"modified":"2019-01-07T18:32:51","modified_gmt":"2019-01-07T18:32:51","slug":"alloggi-economici","status":"publish","type":"page","link":"https:\/\/icom-milano-2016.mini.icom.museum\/it\/alloggio\/alloggi-economici\/","title":{"rendered":"Alloggi economici"},"content":{"rendered":"<div id=\"RTE_CONTENT\"> <!--TYPO3SEARCH_begin--> \t<!--  CONTENT ELEMENT, uid:16428\/textpic [begin] --> \t\t<\/p>\n<div id=\"c16428\"> \t\t<!--  Image block: [begin] --> \t\t\t<\/p>\n<div> \t\t<!--  Text: [begin] --> \t\t\t<\/p>\n<p><b>Accordo speciale con il &#8220;Collegio di Milano&#8221;<\/b> <\/p>\n<p>ICOM Italia ha stipulato un accordo speciale con il <a href=\"http:\/\/www.collegiodimilano.it\/web\/en\/home\" title=\"Opens external link in new window\" target=\"blank\">Collegio di Milano <\/a>che dar\u00e0 la possibilit\u00e0 ai partecipanti ad ICOM Milano 2016 di prenotare delle camere ad un prezzo altamente vantaggioso (circa \u20ac 45,00 per una camera singola e circa \u20ac 60,00 per una camera doppia). Sono a disposizione a Milano circa 200 camere.<\/p>\n<p>Maggiori dettagli saranno presto pubblicati.<\/p>\n<p><b>Beds &amp; Breakfasts e\u00a0Ostelli<\/b><\/p>\n<p>Non \u00e8 possibile prenotare B&amp;B e ostelli tramite K.I.T. Group, tuttavia \u00e8 possibile scaricare una lista di alloggi economici individuati per ICOM 2016.\u00a0<\/p>\n<ul>\n<li><a href=\"http:\/\/icom-milano-2016.mini.icom.museum\/wp-content\/uploads\/sites\/47\/2019\/01\/B_B.pdf\" title=\"Opens external link in new window\" target=\"blank\">B&amp;B<\/a><\/li>\n<li> <a href=\"http:\/\/icom-milano-2016.mini.icom.museum\/wp-content\/uploads\/sites\/47\/2019\/01\/Ostelli.pdf\" title=\"Opens external link in new window\" target=\"blank\">Ostelli<\/a>\u00a0(<a href=\"http:\/\/www.hostellombardia.net\/\" title=\"Opens external link in new window\" target=\"blank\">sito<\/a> ufficiale degli ostelli della Regione Lombardia\u00a0website)<\/li>\n<\/ul>\n<p>Si prega di notare che solamente le camere prenotabili attraverso il sistema ufficiale della conferenza sono state controllate in termini di\u00a0servizi offerti e di qualit\u00e0. Pertanto, n\u00e9 K.I.T. Group n\u00e9 il Comitato Organizzatore possono essere ritenuti responsabili di eventuali carenze dei B&amp;B e\/o degli ostelli.<\/p>\n<p> \t\t<!--  Text: [end] --> \t\t\t<\/div>\n<p> \t\t<!--  Image block: [end] --> \t\t\t   \t<!--  \t\tBEGIN: Content of extension \"hpo_relatedlink\", plugin \"tx_hporelatedlink_pi1\"  \t--> \t<\/p>\n<div> \t\t \t<\/div>\n<p> \t \t<!-- END: Content of extension \"hpo_relatedlink\", plugin \"tx_hporelatedlink_pi1\" -->  \t<\/div>\n<p> \t<!--  CONTENT ELEMENT, uid:16428\/textpic [end] --> \t\t<!--TYPO3SEARCH_end--> <\/div>\n","protected":false},"excerpt":{"rendered":"<p>Accordo speciale con il &#8220;Collegio di Milano&#8221; ICOM Italia ha stipulato un accordo speciale con il Collegio di Milano che dar\u00e0 la possibilit\u00e0 ai partecipanti ad ICOM Milano 2016 di prenotare delle camere ad un prezzo altamente vantaggioso (circa \u20ac 45,00 per una camera singola e circa \u20ac 60,00 per una camera doppia). Sono a [&hellip;]<\/p>\n","protected":false},"author":1,"featured_media":0,"parent":212,"menu_order":1,"comment_status":"closed","ping_status":"closed","template":"","meta":{"footnotes":""},"yst_prominent_words":[],"acf":[],"_links":{"self":[{"href":"https:\/\/icom-milano-2016.mini.icom.museum\/it\/wp-json\/wp\/v2\/pages\/1600"}],"collection":[{"href":"https:\/\/icom-milano-2016.mini.icom.museum\/it\/wp-json\/wp\/v2\/pages"}],"about":[{"href":"https:\/\/icom-milano-2016.mini.icom.museum\/it\/wp-json\/wp\/v2\/types\/page"}],"author":[{"embeddable":true,"href":"https:\/\/icom-milano-2016.mini.icom.museum\/it\/wp-json\/wp\/v2\/users\/1"}],"replies":[{"embeddable":true,"href":"https:\/\/icom-milano-2016.mini.icom.museum\/it\/wp-json\/wp\/v2\/comments?post=1600"}],"version-history":[{"count":1,"href":"https:\/\/icom-milano-2016.mini.icom.museum\/it\/wp-json\/wp\/v2\/pages\/1600\/revisions"}],"predecessor-version":[{"id":12279,"href":"https:\/\/icom-milano-2016.mini.icom.museum\/it\/wp-json\/wp\/v2\/pages\/1600\/revisions\/12279"}],"up":[{"embeddable":true,"href":"https:\/\/icom-milano-2016.mini.icom.museum\/it\/wp-json\/wp\/v2\/pages\/212"}],"wp:attachment":[{"href":"https:\/\/icom-milano-2016.mini.icom.museum\/it\/wp-json\/wp\/v2\/media?parent=1600"}],"wp:term":[{"taxonomy":"yst_prominent_words","embeddable":true,"href":"https:\/\/icom-milano-2016.mini.icom.museum\/it\/wp-json\/wp\/v2\/yst_prominent_words?post=1600"}],"curies":[{"name":"wp","href":"https:\/\/api.w.org\/{rel}","templated":true}]}}