{"id":1572,"date":"2019-01-07T17:54:37","date_gmt":"2019-01-07T17:54:37","guid":{"rendered":"http:\/\/icom-milano-2016.icom.cust.oxymium.net\/accommodation\/come-prenotare\/"},"modified":"2019-01-07T18:32:52","modified_gmt":"2019-01-07T18:32:52","slug":"come-prenotare","status":"publish","type":"page","link":"https:\/\/icom-milano-2016.mini.icom.museum\/it\/alloggio\/come-prenotare\/","title":{"rendered":"Come prenotare"},"content":{"rendered":"<div id=\"RTE_CONTENT\"> <!--TYPO3SEARCH_begin--> \t<!--  CONTENT ELEMENT, uid:15235\/textpic [begin] --> \t\t<\/p>\n<div id=\"c15235\"> \t\t<!--  Image block: [begin] --> \t\t\t<\/p>\n<div> \t\t<!--  Text: [begin] --> \t\t\t<\/p>\n<p><b><a href=\"https:\/\/react-profile.org\/HBS\/public\/ICOM2016\/Regular\/it\" title=\"Opens external link in new window\" target=\"blank\">PRENOTA ORA!<\/a><\/b><\/p>\n<p>\u00a0<\/p>\n<p><span>K.I.T. Group ha riservato per la 24a Conferenza Generale ICOM un certo numero di camere in hotel di diverse categorie.Per le prenotazioni di partecipanti individuali non sar\u00e0 applicata alcuna commissione.Le categorie variano da 3 a 5 stelle.<\/span> <\/p>\n<p>\u00a0<\/p>\n<table>\n<thead>\n<tr>\n<th scope=\"col\">\n<p>Categoria<\/p>\n<\/th>\n<th scope=\"col\">\n<p>Stanza singola<br \/>min\/max<\/p>\n<\/th>\n<th scope=\"col\">\n<p>Stanza doppia<br \/>min\/max<\/p>\n<\/th>\n<\/tr>\n<\/thead>\n<tbody>\n<tr>\n<td>\n<p>***<\/p>\n<\/td>\n<td>\n<p>\u20ac 90 \/ \u20ac 145<\/p>\n<\/td>\n<td>\n<p>\u20ac 105 \/ \u20ac 155<\/p>\n<\/td>\n<\/tr>\n<tr>\n<td>\n<p>****<\/p>\n<\/td>\n<td>\n<p>\u20ac 135 \/ \u20ac 280<\/p>\n<\/td>\n<td>\n<p>\u20ac 155 \/ \u20ac 300<\/p>\n<\/td>\n<\/tr>\n<tr>\n<td>\n<p>*****<\/p>\n<\/td>\n<td>\n<p>\u20ac 215 \/ \u20ac 215<\/p>\n<\/td>\n<td>\n<p>\u20ac 225 \/ \u20ac 230<\/p>\n<\/td>\n<\/tr>\n<\/tbody>\n<\/table>\n<p><\/p>\n<ul>\n<li><i>Tutte le tariffe sono indicative e possono subire modifiche.<\/i><\/li>\n<li><i>Tutte le tariffe (per camera, per notte) includono colazione, IVA, city tax e servizio. Le tariffe indicate si riferiscono a camere standard.<\/i><\/li>\n<li><i>Per ogni categoria \u00e8 indicata la tariffa minima e la tariffa massima basata su una occupazione singola o doppia.<\/i><\/li>\n<li><i>Tutti gli hotel offrono bagno\/doccia\/WC, telefono e strutture per la colazione. Hotel a 4 e 5 stelle hanno normalmente anche bar e ristorante.<\/i><\/li>\n<\/ul>\n<p><b><br \/>Prenotazione<\/b> <\/p>\n<p>Si consiglia di effettuare la prenotazione il prima possibile, in modo da poter essere certi di usufruire delle speciali tariffe concordate per la conferenza. La conferma della prenotazione alberghiera \u00e8 soggetta alla disponibilit\u00e0 e le camere saranno assegnate in base all\u2019ordine temporale con cui le richieste saranno ricevute da K.I.T. Group.Le prenotazioni potranno essere effettuate online con carta di credito a partire da Maggio 2015. Prenotazioni telefoniche non verranno accettate.Nel caso in cui l\u2019hotel selezionato sia al completo, K.I.T. Group si riserva il diritto di prenotare un altro albergo, in categoria e fascia di prezzo similari.<\/p>\n<div>\n<div>\n<p><b><br \/>Pagamento e conferma<\/b><\/p>\n<\/div>\n<div><\/div>\n<p>Al momento della richiesta di prenotazione, K.I.T. Group prelever\u00e0 dalla carta di credito \u20ac 35,00 a titolo di deposito ed invier\u00e0 una conferma. Il restante importo sar\u00e1 prelevato il 15 marzo 2015 e K.I.T. Group invier\u00e0 la relativa fattura. <\/p>\n<p>In alternativa il pagamento pu\u00f2 essere effettuato anticipatamente con bonifico bancario pari all\u2019intero importo. Il bonifico deve chiaramente indicare che non vi sono costi per il beneficiario.<\/p>\n<p>Dal <b>15 marzo 2016 in avanti<\/b>, saranno accettati solo pagamenti con la carta di credito e l\u2019intero importo sar\u00e0 immediatamente prelevato.<\/p>\n<p>La fattura non sar\u00e0 inviata prima che K.I.T. Group abbia ricevuto l\u00b4intero pagamento.<\/p>\n<p>Se entro il <b>15 marzo 2016<\/b> K.I.T. Group non dovesse ricevere il pagamento tramite bonifico bancario oppure non dovesse essere in grado di prelevare dalla carta di credito l\u2019importo previsto, la prenotazione alberghiera sar\u00e0 ritenuta automaticamente cancellata e saranno applicate le relative condizioni per la cancellazione. <\/p>\n<div><\/div>\n<div>\n<p><b>Si prega di indicare chiaramente nel pagamento il nome del partecipante, il numero del participante ricevuto alla conferma della prenotazione e la dicitura \u201cICOM 2016 Hotel\u201d.<\/b><\/p>\n<\/div>\n<div>\n<p>Nel caso in cui dovessero esserci successivi cambiamenti riguardanti la prenotazione della camera (ad esempio cancellazioni o no-show), l\u2019hotel o K.I.T. Group si riservano il diritto di addebitare\/riaccreditare l\u2019importo dovuto o da rimborsare dalla\/sulla carta di credito del partecipante.  <\/p>\n<p><b><br \/>Modifiche e cancellazioni<\/b> <\/p>\n<p>Tutte le modifiche e le cancellazioni debbono essere inviate per iscritto (fax, lettera o email):K.I.T. Group GmbHKurf\u00fcrstendamm 71, 10709 BerlinGermanyTel: +49 30 24603 252Fax: +49 30 24603 399 E-mail: icom2016-hotel@kit-group.orgNB: gli hotel non accetteranno alcuna modifica o cancellazione a loro direttamente comunicata.In caso di cancellazione prima del 15 marzo 2016, K.I.T. Group tratterr\u00e0 \u20ac 35,00 di deposito. Per cancellazioni pervenute tra il 15 marzo ed il 15 aprile 2016, K.I.T. Group addebiter\u00e0 il costo di una notte. Per cancellazioni pervenute dopo il 15 aprile non \u00e8 previsto alcun rimborso e l\u2019intero valore della prenotazione verr\u00e0 prelevato in ogni caso.Nel caso la comunicazione di una riduzione del periodo di soggiorno sia fatta pervenire dopo il 15 aprile 2016 e nel caso di no-show, non sar\u00e0 rimborsato alcun importo. In entrambi i casi, l\u2019intero numero di notti prenotate sar\u00e0 addebitato.In caso di no-show, la camera sar\u00e0 rilasciata alle 09.00 del giorno seguente e non sar\u00e0 effettuato alcun rimborso.\u00a0 <\/p>\n<p><b><br \/>Prenotazioni per i gruppi<\/b> <\/p>\n<p>La prenotazione per i gruppi (minimo 10 camere) sar\u00e0 gestita separatamente, con diverso contratto e diverse regole. <\/p>\n<p><b>Per maggiori informazioni, contattare:<\/b> <br \/><a href=\"mailto:icom2016-hotel@kit-group.org\">icom2016-hotel@kit-group.org<\/a> <\/p>\n<p>\u00a0<\/p>\n<p><b>Alloggi economici<\/b><\/p>\n<p><b>Accordo speciale con il &#8220;Collegio di Milano&#8221;<\/b> <\/p>\n<p>ICOM Italia ha stipulato un accordo speciale con il <a href=\"http:\/\/www.collegiodimilano.it\/web\/en\/home\" title=\"Opens external link in new window\" target=\"blank\">Collegio di Milano <\/a>che dar\u00e0 la possibilit\u00e0 ai partecipanti ad ICOM Milano 2016 di prenotare delle camere ad un prezzo altamente vantaggioso (circa \u20ac 45,00 per una camera singola e circa \u20ac 60,00 per una camera doppia). Sono a disposizione a Milano circa 200 camere.<\/p>\n<p>Maggiori dettagli saranno presto pubblicati.<\/p>\n<p><b>Beds &amp; Breakfasts e\u00a0Ostelli<\/b><\/p>\n<p>Non \u00e8 possibile prenotare B&amp;B e ostelli tramite K.I.T. Group, tuttavia \u00e8 possibile scaricare una lista di alloggi economici individuati per ICOM 2016.\u00a0<\/p>\n<ul>\n<li><a href=\"http:\/\/icom-milano-2016.mini.icom.museum\/wp-content\/uploads\/sites\/47\/2019\/01\/B_B.pdf\" title=\"Opens external link in new window\" target=\"blank\">B&amp;B<\/a><\/li>\n<li> <a href=\"http:\/\/icom-milano-2016.mini.icom.museum\/wp-content\/uploads\/sites\/47\/2019\/01\/Ostelli.pdf\" title=\"Opens external link in new window\" target=\"blank\">Ostelli<\/a>\u00a0(<a href=\"http:\/\/www.hostellombardia.net\/\" title=\"Opens external link in new window\" target=\"blank\">sito<\/a> ufficiale degli ostelli della Regione Lombardia\u00a0website)<\/li>\n<\/ul>\n<p>Si prega di notare che solamente le camere prenotabili attraverso il sistema ufficiale della conferenza sono state controllate in termini di\u00a0servizi offerti e di qualit\u00e0. Pertanto, n\u00e9 K.I.T. Group n\u00e9 il Comitato Organizzatore possono essere ritenuti responsabili di eventuali carenze dei B&amp;B e\/o degli ostelli.<\/p>\n<\/p><\/div>\n<\/p><\/div>\n<p> \t\t<!--  Text: [end] --> \t\t\t<\/div>\n<p> \t\t<!--  Image block: [end] --> \t\t\t   \t<!--  \t\tBEGIN: Content of extension \"hpo_relatedlink\", plugin \"tx_hporelatedlink_pi1\"  \t--> \t<\/p>\n<div> \t\t \t<\/div>\n<p> \t \t<!-- END: Content of extension \"hpo_relatedlink\", plugin \"tx_hporelatedlink_pi1\" -->  \t<\/div>\n<p> \t<!--  CONTENT ELEMENT, uid:15235\/textpic [end] --> \t\t<!--TYPO3SEARCH_end--> <\/div>\n","protected":false},"excerpt":{"rendered":"<p>PRENOTA ORA! \u00a0 K.I.T. Group ha riservato per la 24a Conferenza Generale ICOM un certo numero di camere in hotel di diverse categorie.Per le prenotazioni di partecipanti individuali non sar\u00e0 applicata alcuna commissione.Le categorie variano da 3 a 5 stelle. \u00a0 Categoria Stanza singolamin\/max Stanza doppiamin\/max *** \u20ac 90 \/ \u20ac 145 \u20ac 105 \/ [&hellip;]<\/p>\n","protected":false},"author":1,"featured_media":0,"parent":212,"menu_order":0,"comment_status":"closed","ping_status":"closed","template":"","meta":{"footnotes":""},"yst_prominent_words":[],"acf":[],"_links":{"self":[{"href":"https:\/\/icom-milano-2016.mini.icom.museum\/it\/wp-json\/wp\/v2\/pages\/1572"}],"collection":[{"href":"https:\/\/icom-milano-2016.mini.icom.museum\/it\/wp-json\/wp\/v2\/pages"}],"about":[{"href":"https:\/\/icom-milano-2016.mini.icom.museum\/it\/wp-json\/wp\/v2\/types\/page"}],"author":[{"embeddable":true,"href":"https:\/\/icom-milano-2016.mini.icom.museum\/it\/wp-json\/wp\/v2\/users\/1"}],"replies":[{"embeddable":true,"href":"https:\/\/icom-milano-2016.mini.icom.museum\/it\/wp-json\/wp\/v2\/comments?post=1572"}],"version-history":[{"count":1,"href":"https:\/\/icom-milano-2016.mini.icom.museum\/it\/wp-json\/wp\/v2\/pages\/1572\/revisions"}],"predecessor-version":[{"id":12280,"href":"https:\/\/icom-milano-2016.mini.icom.museum\/it\/wp-json\/wp\/v2\/pages\/1572\/revisions\/12280"}],"up":[{"embeddable":true,"href":"https:\/\/icom-milano-2016.mini.icom.museum\/it\/wp-json\/wp\/v2\/pages\/212"}],"wp:attachment":[{"href":"https:\/\/icom-milano-2016.mini.icom.museum\/it\/wp-json\/wp\/v2\/media?parent=1572"}],"wp:term":[{"taxonomy":"yst_prominent_words","embeddable":true,"href":"https:\/\/icom-milano-2016.mini.icom.museum\/it\/wp-json\/wp\/v2\/yst_prominent_words?post=1572"}],"curies":[{"name":"wp","href":"https:\/\/api.w.org\/{rel}","templated":true}]}}