{"id":7545,"date":"2019-01-07T18:10:37","date_gmt":"2019-01-07T18:10:37","guid":{"rendered":"http:\/\/icom-milano-2016.icom.cust.oxymium.net\/related-events\/about-the-conference-theme\/conference-internationale-de-sienne\/"},"modified":"2019-01-07T18:34:48","modified_gmt":"2019-01-07T18:34:48","slug":"conference-internationale-de-sienne","status":"publish","type":"page","link":"https:\/\/icom-milano-2016.mini.icom.museum\/fr\/related-events\/about-the-conference-theme\/conference-internationale-de-sienne\/","title":{"rendered":"Conf\u00e9rence internationale de Sienne"},"content":{"rendered":"<div id=\"RTE_CONTENT\"> <!--TYPO3SEARCH_begin--> \t<!--  CONTENT ELEMENT, uid:13642\/textpic [begin] --> \t\t<\/p>\n<div id=\"c13642\"> \t\t<!--  Header: [begin] --> \t\t\t<\/p>\n<h2>La Charte de Sienne propos\u00e9e par l\u2019ICOM Italie lors de la conf\u00e9rence internationale \u00ab Mus\u00e9es et paysages culturels \u00bb<\/h2>\n<p> \t\t<!--  Header: [end] --> \t\t\t \t\t<!--  Image block: [begin] --> \t\t\t<\/p>\n<div> \t\t<!--  Text: [begin] --> \t\t\t<\/p>\n<p><span><b>Plus de 250 professionnels de mus\u00e9e d\u2019Italie, d\u2019Europe et du Japon ainsi qu\u2019un certain nombre d\u2019organisations culturelles italiennes et internationales se sont r\u00e9unis \u00e0 Sienne le 7 juillet dernier pour discuter du th\u00e8me de la Conf\u00e9rence g\u00e9n\u00e9rale de l\u2019ICOM 2016, \u00ab Mus\u00e9es et paysages culturels \u00bb. \u00c0 l\u2019issue de la conf\u00e9rence, les participants ont propos\u00e9 la Charte de Sienne, un document qui pr\u00e9sente la perspective italienne sur les responsabilit\u00e9s des mus\u00e9es \u00e0 l\u2019\u00e9gard du patrimoine et des paysages qui l\u2019entourent.<\/p>\n<p><\/b><\/span> <\/p>\n<p>La Conf\u00e9rence de Sienne a constitu\u00e9 <b>le point de d\u00e9part des discussions sur le th\u00e8me de 2016 au sein du r\u00e9seau de l\u2019ICOM<\/b>. Le but d\u2019ICOM Italie est qu\u2019une D\u00e9claration de l\u2019ICOM sur les mus\u00e9es et les paysages culturels soit approuv\u00e9e \u00e0 Milan afin de pouvoir d\u00e9finir de nouveaux objectifs et programmes strat\u00e9giques pour les mus\u00e9es contemporains.<\/p>\n<p>Les participants \u00e0 la conf\u00e9rence ont discut\u00e9 de la Charte de Sienne, le document qui pr\u00e9sente la perspective italienne sur les responsabilit\u00e9s des mus\u00e9es \u00e0 l\u2019\u00e9gard du patrimoine et des paysages qui l\u2019entourent. ICOM Italie esp\u00e8re qu\u2019en 2015 les r\u00e9unions annuelles des Comit\u00e9s nationaux, des Comit\u00e9s internationaux, des Organisations affili\u00e9es et des Alliances r\u00e9gionales de l\u2019ICOM consacreront une partie de leur programme au th\u00e8me des \u00ab Mus\u00e9es et paysages culturels \u00bb, en comparant <b>diff\u00e9rentes visions et exp\u00e9riences et diff\u00e9rents contextes juridiques et en proposant de nouvelles id\u00e9es et de nouvelles approches<\/b>.<\/p>\n<p>D\u2019ici \u00e0 2016, au moins <b>quatre points diff\u00e9rents <\/b>seront abord\u00e9s.\u00a0<\/p>\n<p>Premi\u00e8rement, <b>la perception du paysage diff\u00e8re d\u2019un pays \u00e0 l\u2019autre et est li\u00e9e aux diff\u00e9rents contextes culturel<\/b>s. Dans certaines langues, le terme paysage n\u2019existe m\u00eame pas. L\u2019ICOM respecte la diversit\u00e9 culturelle et promeut une compr\u00e9hension globale du paysage. Le paysage est un concept aux multiples facettes qui associe \u00e0 sa signification physique, naturelle et g\u00e9ographique des dimensions anthropologique, sociale, \u00e9conomique et culturelle. Les paysages font partie du patrimoine culturel et naturel qui doit \u00eatre pr\u00e9serv\u00e9, interpr\u00e9t\u00e9 et prot\u00e9g\u00e9, tant dans ses aspects mat\u00e9riels qu\u2019immat\u00e9riels. <\/p>\n<p>\u00a0<\/p>\n<p>Deuxi\u00e8mement, l\u2019ICOM souhaiterait mettre l\u2019accent sur<b> les nouvelles fonctions sociale et territoriale des mus\u00e9es<\/b>. Comment les mus\u00e9es peuvent-ils prendre des responsabilit\u00e9s \u00e0 l\u2019\u00e9gard du patrimoine culturel et environnemental et encourager sa pr\u00e9servation, sa connaissance et la communication le concernant ? Comment les mus\u00e9es peuvent-ils devenir des centres d\u2019interpr\u00e9tation des lieux et des communaut\u00e9s auxquels ils appartiennent ? Comment les mus\u00e9es peuvent-ils diffuser les connaissances relatives au patrimoine ? Les mus\u00e9es devraient agir pour pr\u00e9server non seulement leurs collections mais aussi le patrimoine culturel et naturel, mat\u00e9riel et immat\u00e9riel qui les entoure. Les comp\u00e9tences et les ressources n\u00e9cessaire pour cela devraient \u00eatre analys\u00e9es. <\/p>\n<p>\u00a0<\/p>\n<p>Troisi\u00e8mement, s\u2019int\u00e9resser aux relations entre les mus\u00e9es et les paysages culturels offre l\u2019occasion de mettre en place de <b>nouveaux partenariats<\/b> et de nouveaux r\u00e9seaux ainsi que de d\u00e9velopper de <b>nouvelles approches interdisciplinaires<\/b>. Comment pouvons-nous promouvoir efficacement la coop\u00e9ration entre mus\u00e9es, professionnels, organisations et institutions ? <\/p>\n<p>\u00a0<\/p>\n<p>FQuatri\u00e8mement, comment les mus\u00e9es peuvent-ils aider les am\u00e9nageurs du territoire et les responsables politiques \u00e0 promouvoir le <b>d\u00e9veloppement durable<\/b> et \u00e0 pr\u00e9server les paysages tout en am\u00e9liorant l\u2019offre touristique sans mettre le patrimoine culturel et naturel en danger? <\/p>\n<p>\u00a0<\/p>\n<p>L\u2019objectif de l\u2019ICOM est qu\u2019une <b>\u00ab D\u00e9claration de l\u2019ICOM sur les mus\u00e9es et les paysages culturels \u00bb<\/b> soit approuv\u00e9e lors de la 24e \u00a0Conf\u00e9rence g\u00e9n\u00e9rale \u00e0 Milan afin de pouvoir d\u00e9finir de nouveaux objectifs et programmes strat\u00e9giques pour les mus\u00e9es contemporains. ICOM Italie pr\u00e9voit d\u2019identifier cent actions innovantes men\u00e9es \u00e0 bien par des mus\u00e9es de cultures et de pays diff\u00e9rents et de les pr\u00e9senter en tant que pratiques exemplaires internationales durant la Conf\u00e9rence de Milan. <\/p>\n<p>\u00a0<\/p>\n<p>La Carta di Siena &#8211; \u201cMusei e Paesaggi culturali\u201d aussi en <a href=\"http:\/\/icom.museum\/fileadmin\/user_upload\/pdf\/News\/Carta_di_Siena_IT_final.pdf\" title=\"Opens external link in new window\" target=\"blank\">italien<\/a>\u00a0et <a href=\"http:\/\/icom-milano-2016.mini.icom.museum\/wp-content\/uploads\/sites\/47\/2019\/01\/Carta_di_Siena_EN_final.pdf\" title=\"Opens external link in new window\" target=\"blank\">anglais<\/a>. <\/p>\n<p>Le programme de la conf\u00e9rence en\u00a0<a href=\"http:\/\/icom-milano-2016.mini.icom.museum\/wp-content\/uploads\/sites\/47\/2019\/01\/deplianticom2014web.pdf\" title=\"TEXT, deplianticom2014web, deplianticom2014web.pdf, 1.1 MB\" target=\"_blank\">Italian<\/a>.<\/p>\n<p> \t\t<!--  Text: [end] --> \t\t\t<\/div>\n<p> \t\t<!--  Image block: [end] --> \t\t\t   \t<!--  \t\tBEGIN: Content of extension \"hpo_relatedlink\", plugin \"tx_hporelatedlink_pi1\"  \t--> \t<\/p>\n<div> \t\t \t<\/div>\n<p> \t \t<!-- END: Content of extension \"hpo_relatedlink\", plugin \"tx_hporelatedlink_pi1\" -->  \t<\/div>\n<p> \t<!--  CONTENT ELEMENT, uid:13642\/textpic [end] --> \t\t<!--TYPO3SEARCH_end--> <\/div>\n","protected":false},"excerpt":{"rendered":"<p>La Charte de Sienne propos\u00e9e par l\u2019ICOM Italie lors de la conf\u00e9rence internationale \u00ab Mus\u00e9es et paysages culturels \u00bb Plus de 250 professionnels de mus\u00e9e d\u2019Italie, d\u2019Europe et du Japon ainsi qu\u2019un certain nombre d\u2019organisations culturelles italiennes et internationales se sont r\u00e9unis \u00e0 Sienne le 7 juillet dernier pour discuter du th\u00e8me de la Conf\u00e9rence [&hellip;]<\/p>\n","protected":false},"author":1,"featured_media":0,"parent":1265,"menu_order":0,"comment_status":"closed","ping_status":"closed","template":"","meta":{"footnotes":""},"yst_prominent_words":[],"acf":[],"_links":{"self":[{"href":"https:\/\/icom-milano-2016.mini.icom.museum\/fr\/wp-json\/wp\/v2\/pages\/7545"}],"collection":[{"href":"https:\/\/icom-milano-2016.mini.icom.museum\/fr\/wp-json\/wp\/v2\/pages"}],"about":[{"href":"https:\/\/icom-milano-2016.mini.icom.museum\/fr\/wp-json\/wp\/v2\/types\/page"}],"author":[{"embeddable":true,"href":"https:\/\/icom-milano-2016.mini.icom.museum\/fr\/wp-json\/wp\/v2\/users\/1"}],"replies":[{"embeddable":true,"href":"https:\/\/icom-milano-2016.mini.icom.museum\/fr\/wp-json\/wp\/v2\/comments?post=7545"}],"version-history":[{"count":1,"href":"https:\/\/icom-milano-2016.mini.icom.museum\/fr\/wp-json\/wp\/v2\/pages\/7545\/revisions"}],"predecessor-version":[{"id":12463,"href":"https:\/\/icom-milano-2016.mini.icom.museum\/fr\/wp-json\/wp\/v2\/pages\/7545\/revisions\/12463"}],"up":[{"embeddable":true,"href":"https:\/\/icom-milano-2016.mini.icom.museum\/fr\/wp-json\/wp\/v2\/pages\/1265"}],"wp:attachment":[{"href":"https:\/\/icom-milano-2016.mini.icom.museum\/fr\/wp-json\/wp\/v2\/media?parent=7545"}],"wp:term":[{"taxonomy":"yst_prominent_words","embeddable":true,"href":"https:\/\/icom-milano-2016.mini.icom.museum\/fr\/wp-json\/wp\/v2\/yst_prominent_words?post=7545"}],"curies":[{"name":"wp","href":"https:\/\/api.w.org\/{rel}","templated":true}]}}