{"id":1601,"date":"2019-01-07T17:54:55","date_gmt":"2019-01-07T17:54:55","guid":{"rendered":"http:\/\/icom-milano-2016.icom.cust.oxymium.net\/accommodation\/hebergement-a-petit-budget\/"},"modified":"2019-01-07T18:36:21","modified_gmt":"2019-01-07T18:36:21","slug":"hebergement-a-petit-budget","status":"publish","type":"page","link":"https:\/\/icom-milano-2016.mini.icom.museum\/fr\/hebergement\/hebergement-a-petit-budget\/","title":{"rendered":"H\u00e9bergement \u00e0 petit budget"},"content":{"rendered":"<div id=\"RTE_CONTENT\"> <!--TYPO3SEARCH_begin--> \t<!--  CONTENT ELEMENT, uid:16428\/textpic [begin] --> \t\t<\/p>\n<div id=\"c16428\"> \t\t<!--  Image block: [begin] --> \t\t\t<\/p>\n<div> \t\t<!--  Text: [begin] --> \t\t\t<\/p>\n<p><b>Maisons d&#8217;h\u00f4tes et auberges de jeunesse <\/b> <\/p>\n<p>Aucune pr\u00e9-r\u00e9servation dans des maisons d&#8217;h\u00f4tes ou auberges de jeunesse ne sera possible via K.I.T. Group. Cependant, l&#8217;ICOM 2016 a dress\u00e9 des listes pouvant \u00eatre t\u00e9l\u00e9charg\u00e9es ci-dessous.  <\/p>\n<p>\u00a0<\/p>\n<ul>\n<li><a href=\"http:\/\/icom-milano-2016.mini.icom.museum\/wp-content\/uploads\/sites\/47\/2019\/01\/B_B.pdf\" title=\"Opens external link in new window\" target=\"blank\">Maisons d&#8217;h\u00f4tes \/ B&amp;B<\/a><\/li>\n<li> <a href=\"http:\/\/icom-milano-2016.mini.icom.museum\/wp-content\/uploads\/sites\/47\/2019\/01\/Hostels.pdf\" title=\"Opens external link in new window\" target=\"blank\">Auberges de jeunesse<\/a> (<a href=\"http:\/\/www.hostellombardia.net\/?page_id=122\" title=\"Opens external link in new window\" target=\"blank\">site officiel<\/a> des auberges de la Lombardie)<\/li>\n<\/ul>\n<p>\u00a0<\/p>\n<p>Veuillez noter que seules les chambres r\u00e9serv\u00e9es sur le syst\u00e8me en ligne de la conf\u00e9rence ont \u00e9t\u00e9 contr\u00f4l\u00e9es et avalis\u00e9es. Par cons\u00e9quent, ni K.I.T. Group, ni le comit\u00e9 d\u2019organisation ne saurait \u00eatre tenu pour responsable des manques et insuffisances rencontr\u00e9s dans les pensions et autres Bed &amp; Breakfast.<\/p>\n<p> \t\t<!--  Text: [end] --> \t\t\t<\/div>\n<p> \t\t<!--  Image block: [end] --> \t\t\t   \t<!--  \t\tBEGIN: Content of extension \"hpo_relatedlink\", plugin \"tx_hporelatedlink_pi1\"  \t--> \t<\/p>\n<div> \t\t \t<\/div>\n<p> \t \t<!-- END: Content of extension \"hpo_relatedlink\", plugin \"tx_hporelatedlink_pi1\" -->  \t<\/div>\n<p> \t<!--  CONTENT ELEMENT, uid:16428\/textpic [end] --> \t\t<!--TYPO3SEARCH_end--> <\/div>\n","protected":false},"excerpt":{"rendered":"<p>Maisons d&#8217;h\u00f4tes et auberges de jeunesse Aucune pr\u00e9-r\u00e9servation dans des maisons d&#8217;h\u00f4tes ou auberges de jeunesse ne sera possible via K.I.T. Group. Cependant, l&#8217;ICOM 2016 a dress\u00e9 des listes pouvant \u00eatre t\u00e9l\u00e9charg\u00e9es ci-dessous. \u00a0 Maisons d&#8217;h\u00f4tes \/ B&amp;B Auberges de jeunesse (site officiel des auberges de la Lombardie) \u00a0 Veuillez noter que seules les chambres [&hellip;]<\/p>\n","protected":false},"author":1,"featured_media":0,"parent":213,"menu_order":1,"comment_status":"closed","ping_status":"closed","template":"","meta":{"footnotes":""},"yst_prominent_words":[],"acf":[],"_links":{"self":[{"href":"https:\/\/icom-milano-2016.mini.icom.museum\/fr\/wp-json\/wp\/v2\/pages\/1601"}],"collection":[{"href":"https:\/\/icom-milano-2016.mini.icom.museum\/fr\/wp-json\/wp\/v2\/pages"}],"about":[{"href":"https:\/\/icom-milano-2016.mini.icom.museum\/fr\/wp-json\/wp\/v2\/types\/page"}],"author":[{"embeddable":true,"href":"https:\/\/icom-milano-2016.mini.icom.museum\/fr\/wp-json\/wp\/v2\/users\/1"}],"replies":[{"embeddable":true,"href":"https:\/\/icom-milano-2016.mini.icom.museum\/fr\/wp-json\/wp\/v2\/comments?post=1601"}],"version-history":[{"count":1,"href":"https:\/\/icom-milano-2016.mini.icom.museum\/fr\/wp-json\/wp\/v2\/pages\/1601\/revisions"}],"predecessor-version":[{"id":12602,"href":"https:\/\/icom-milano-2016.mini.icom.museum\/fr\/wp-json\/wp\/v2\/pages\/1601\/revisions\/12602"}],"up":[{"embeddable":true,"href":"https:\/\/icom-milano-2016.mini.icom.museum\/fr\/wp-json\/wp\/v2\/pages\/213"}],"wp:attachment":[{"href":"https:\/\/icom-milano-2016.mini.icom.museum\/fr\/wp-json\/wp\/v2\/media?parent=1601"}],"wp:term":[{"taxonomy":"yst_prominent_words","embeddable":true,"href":"https:\/\/icom-milano-2016.mini.icom.museum\/fr\/wp-json\/wp\/v2\/yst_prominent_words?post=1601"}],"curies":[{"name":"wp","href":"https:\/\/api.w.org\/{rel}","templated":true}]}}