{"id":7546,"date":"2019-01-07T18:10:37","date_gmt":"2019-01-07T18:10:37","guid":{"rendered":"http:\/\/icom-milano-2016.icom.cust.oxymium.net\/related-events\/about-the-conference-theme\/conferencia-internacional-de-siena\/"},"modified":"2019-01-07T18:38:14","modified_gmt":"2019-01-07T18:38:14","slug":"conferencia-internacional-de-siena","status":"publish","type":"page","link":"https:\/\/icom-milano-2016.mini.icom.museum\/es\/related-events\/about-the-conference-theme\/conferencia-internacional-de-siena\/","title":{"rendered":"Conferencia Internacional de Siena"},"content":{"rendered":"<div id=\"RTE_CONTENT\"> <!--TYPO3SEARCH_begin--> \t<!--  CONTENT ELEMENT, uid:13642\/textpic [begin] --> \t\t<\/p>\n<div id=\"c13642\"> \t\t<!--  Header: [begin] --> \t\t\t<\/p>\n<h2>ICOM Italia propone la Carta de Siena<\/h2>\n<p> \t\t<!--  Header: [end] --> \t\t\t \t\t<!--  Image block: [begin] --> \t\t\t<\/p>\n<div> \t\t<!--  Text: [begin] --> \t\t\t<\/p>\n<p><span><b>M\u00e1s de 250 profesionales de museos de Italia, Europa y Jap\u00f3n, as\u00ed como varias organizaciones culturales italianas e internacionales, se reunieron el pasado 7 de julio en Siena para discutir sobre el tema de la Conferencia General del ICOM 2016, \u201cMuseos y paisajes culturales\u201d. Al final de la conferencia, los participantes aprobaron la Carta de Siena, un documento que presenta la perspectiva italiana sobre las responsabilidades de los museos con respecto al patrimonio y a los paisajes que lo rodean.<\/p>\n<p><\/b><\/span> <\/p>\n<p>La Conferencia de Siena fue <b>el punto de partida de las discusiones sobre el tema del a\u00f1o 2016<\/b> dentro de la red mundial del ICOM. El objetivo de ICOM Italia es aprobar en Mil\u00e1n una Declaraci\u00f3n por parte del ICOM sobre los museos y los paisajes culturales, con el fin de definir nuevos objetivos y programas estrat\u00e9gicos para los museos de hoy. <\/p>\n<p>\u00a0<\/p>\n<p>Durante la conferencia, los participantes discutieron la Carta de Siena, documento que presenta el punto de vista italiano sobre las responsabilidades de los museos con respecto al patrimonio y a los paisajes que lo rodean. El ICOM espera que en el 2015 las reuniones anuales de los Comit\u00e9s nacionales, los Comit\u00e9s internacionales, las Organizaciones afiliadas y las Alianzas regionales del ICOM dediquen parte de su agenda al tema de \u201cMuseos y paisajes culturales\u201d, <b>comparando visiones, experiencias y contextos jur\u00eddicos y proponiendo nuevas ideas y enfoques.\u00a0<\/b> <\/p>\n<p>\u00a0<\/p>\n<p>De aqu\u00ed al 2016, se discutir\u00e1n por lo menos<b> cuatro subtemas diferentes<\/b>. <\/p>\n<p>\u00a0<\/p>\n<p>En primer lugar, <b>la percepci\u00f3n del paisaje var\u00eda de un pa\u00eds a otro y est\u00e1 relacionada con distintos antecedentes culturales<\/b>. En algunos idiomas el t\u00e9rmino paisaje ni siquiera existe. El ICOM respeta la diversidad cultural y promueve una comprensi\u00f3n global del paisaje. \u00c9ste es un concepto multifac\u00e9tico, que combina con sus significados f\u00edsico, natural y geogr\u00e1fico unas dimensiones antropol\u00f3gica, social, econ\u00f3mica y cultural. Los paisajes forman parte del patrimonio cultural y natural que se debe preservar, interpretar y cuidar, tanto en sus aspectos materiales como inmateriales <\/p>\n<p>\u00a0<\/p>\n<p>En segundo lugar, el ICOM quisiera destacar las<b> nuevas funciones social y territorial de los museos<\/b>. \u00bfC\u00f3mo pueden los museos hacerse responsables del patrimonio cultural y medioambiental y fomentar su preservaci\u00f3n, su conocimiento y su comunicaci\u00f3n? \u00bfC\u00f3mo pueden los museos convertirse en centros de interpretaci\u00f3n para los lugares y las comunidades a los que pertenecen? \u00bfC\u00f3mo pueden los museos divulgar conocimientos relacionados con el patrimonio? Los museos deber\u00edan desempe\u00f1ar un papel activo en la preservaci\u00f3n no s\u00f3lo de sus colecciones, sino tambi\u00e9n del patrimonio material, inmaterial, cultural y natural que los rodea. Se deber\u00eda analizar las competencias y los recursos necesarios para ello. <\/p>\n<p>\u00a0<\/p>\n<p>En tercer lugar, estudiar las relaciones entre los museos y los paisajes culturales ofrece la oportunidad de iniciar <b>nuevas colaboraciones, formar nuevas redes y desarrollar nuevos enfoques interdisciplinarios. <\/b>\u00bfC\u00f3mo podemos promover una cooperaci\u00f3n eficaz entre museos, profesionales, organizaciones e instituciones? <\/p>\n<p>\u00a0<\/p>\n<p>Por \u00faltimo, \u00bfc\u00f3mo pueden los museos ayudar a los planificadores del territorio y a los pol\u00edticos a promover <b>el desarrollo sostenible<\/b> y preservar los paisajes al mismo tiempo que mejoran la oferta tur\u00edstica, sin poner en peligro el patrimonio cultural y natural? <\/p>\n<p>\u00a0<\/p>\n<p>El objetivo del ICOM es que una<b> \u201cDeclaraci\u00f3n del ICOM sobre los museos y los paisajes culturales\u201d <\/b>sea aprobada en la 24a \u00a0Conferencia General en Mil\u00e1n, con el fin de definir nuevos objetivos y programas estrat\u00e9gicos para los museos actuales. Adem\u00e1s, el ICOM tiene previsto identificar cien acciones innovadoras llevadas a cabo por museos de diferentes pa\u00edses y culturas, y presentarlas en la Conferencia General de Mil\u00e1n como pr\u00e1cticas ejemplares internacionales. <\/p>\n<p>La Carta di Siena en <a href=\"http:\/\/icom.museum\/fileadmin\/user_upload\/pdf\/News\/Carta_di_Siena_IT_final.pdf\" title=\"Opens external link in new window\" target=\"blank\">italiano<\/a> y en\u00a0<a href=\"http:\/\/icom-milano-2016.mini.icom.museum\/wp-content\/uploads\/sites\/47\/2019\/01\/Carta_di_Siena_EN_final.pdf\" title=\"Opens external link in new window\" target=\"blank\">ingl\u00e9s<\/a>. <\/p>\n<p>El programa de la conferencia en\u00a0<a href=\"http:\/\/icom-milano-2016.mini.icom.museum\/wp-content\/uploads\/sites\/47\/2019\/01\/deplianticom2014web.pdf\" title=\"TEXT, deplianticom2014web, deplianticom2014web.pdf, 1.1 MB\" target=\"_blank\">italiano<\/a>.<\/p>\n<p> \t\t<!--  Text: [end] --> \t\t\t<\/div>\n<p> \t\t<!--  Image block: [end] --> \t\t\t   \t<!--  \t\tBEGIN: Content of extension \"hpo_relatedlink\", plugin \"tx_hporelatedlink_pi1\"  \t--> \t<\/p>\n<div> \t\t \t<\/div>\n<p> \t \t<!-- END: Content of extension \"hpo_relatedlink\", plugin \"tx_hporelatedlink_pi1\" -->  \t<\/div>\n<p> \t<!--  CONTENT ELEMENT, uid:13642\/textpic [end] --> \t\t<!--TYPO3SEARCH_end--> <\/div>\n","protected":false},"excerpt":{"rendered":"<p>ICOM Italia propone la Carta de Siena M\u00e1s de 250 profesionales de museos de Italia, Europa y Jap\u00f3n, as\u00ed como varias organizaciones culturales italianas e internacionales, se reunieron el pasado 7 de julio en Siena para discutir sobre el tema de la Conferencia General del ICOM 2016, \u201cMuseos y paisajes culturales\u201d. Al final de la [&hellip;]<\/p>\n","protected":false},"author":1,"featured_media":0,"parent":1266,"menu_order":0,"comment_status":"closed","ping_status":"closed","template":"","meta":{"footnotes":""},"yst_prominent_words":[],"acf":[],"_links":{"self":[{"href":"https:\/\/icom-milano-2016.mini.icom.museum\/es\/wp-json\/wp\/v2\/pages\/7546"}],"collection":[{"href":"https:\/\/icom-milano-2016.mini.icom.museum\/es\/wp-json\/wp\/v2\/pages"}],"about":[{"href":"https:\/\/icom-milano-2016.mini.icom.museum\/es\/wp-json\/wp\/v2\/types\/page"}],"author":[{"embeddable":true,"href":"https:\/\/icom-milano-2016.mini.icom.museum\/es\/wp-json\/wp\/v2\/users\/1"}],"replies":[{"embeddable":true,"href":"https:\/\/icom-milano-2016.mini.icom.museum\/es\/wp-json\/wp\/v2\/comments?post=7546"}],"version-history":[{"count":1,"href":"https:\/\/icom-milano-2016.mini.icom.museum\/es\/wp-json\/wp\/v2\/pages\/7546\/revisions"}],"predecessor-version":[{"id":12770,"href":"https:\/\/icom-milano-2016.mini.icom.museum\/es\/wp-json\/wp\/v2\/pages\/7546\/revisions\/12770"}],"up":[{"embeddable":true,"href":"https:\/\/icom-milano-2016.mini.icom.museum\/es\/wp-json\/wp\/v2\/pages\/1266"}],"wp:attachment":[{"href":"https:\/\/icom-milano-2016.mini.icom.museum\/es\/wp-json\/wp\/v2\/media?parent=7546"}],"wp:term":[{"taxonomy":"yst_prominent_words","embeddable":true,"href":"https:\/\/icom-milano-2016.mini.icom.museum\/es\/wp-json\/wp\/v2\/yst_prominent_words?post=7546"}],"curies":[{"name":"wp","href":"https:\/\/api.w.org\/{rel}","templated":true}]}}