{"id":1866,"date":"2019-01-07T17:56:39","date_gmt":"2019-01-07T17:56:39","guid":{"rendered":"http:\/\/icom-milano-2016.icom.cust.oxymium.net\/call-for-papers\/ecomuseos\/"},"modified":"2019-01-07T18:39:41","modified_gmt":"2019-01-07T18:39:41","slug":"ecomuseos","status":"publish","type":"page","link":"https:\/\/icom-milano-2016.mini.icom.museum\/es\/convocatoria\/ecomuseos\/","title":{"rendered":"Ecomuseos"},"content":{"rendered":"<div id=\"RTE_CONTENT\"> <!--TYPO3SEARCH_begin--> \t<!--  CONTENT ELEMENT, uid:16895\/textpic [begin] --> \t\t<\/p>\n<div id=\"c16895\"> \t\t<!--  Image block: [begin] --> \t\t\t<\/p>\n<div> \t\t<!--  Text: [begin] --> \t\t\t<\/p>\n<p>Est\u00e1n invitados a contribuir con el env\u00edo de Comunicaciones al<b> Forum de Ecomuseos y Museos Comunitarios<\/b>, que tendr\u00e1 lugar durante la Conferencia General del ICOM, del 6 al 8 de julio de 2016, presentando proyectos, <br \/>experiencias y reflexiones sobre el tema de la Conferencia: &#8220;Museos y Paisajes Culturales&#8221;.  <\/p>\n<p>Fecha l\u00edmite : 30 Marzo 2016<\/p>\n<p>Haga click <a href=\"http:\/\/www.ecomusei.eu\/?page_id=1084\" title=\"Opens external link in new window\" target=\"blank\">aqu\u00ec<\/a> para visitar la p\u00e1gina dedicada a la Convocatoria de Comunicaci\u00f3n.<\/p>\n<p>Haga click <a href=\"http:\/\/icom-milano-2016.mini.icom.museum\/wp-content\/uploads\/sites\/47\/2019\/01\/Convocatoria-de-comunicaciones.pdf\" title=\"TEXT, Convocatoria-de-comunicaciones, Convocatoria-de-comunicaciones.pdf, 140 KB\" target=\"blank\">aqu\u00ec<\/a> para descargar la Convocatoria de Comunicaci\u00f3n en version PDF. <\/p>\n<p><a href=\"http:\/\/icom-milano-2016.mini.icom.museum\/wp-content\/uploads\/sites\/47\/2019\/01\/ecomuseums_italy.pdf\" title=\"ecomuseums_italy.pdf (127 KB)\">Visita los ecomuseos <\/a><a href=\"http:\/\/icom-milano-2016.mini.icom.museum\/wp-content\/uploads\/sites\/47\/2019\/01\/ecomuseums_italy.pdf\" title=\"ecomuseums_italy.pdf (127 KB)\">en Italia<\/a><\/p>\n<p> \t\t<!--  Text: [end] --> \t\t\t<\/div>\n<p> \t\t<!--  Image block: [end] --> \t\t\t   \t<!--  \t\tBEGIN: Content of extension \"hpo_relatedlink\", plugin \"tx_hporelatedlink_pi1\"  \t--> \t<\/p>\n<div> \t\t \t<\/div>\n<p> \t \t<!-- END: Content of extension \"hpo_relatedlink\", plugin \"tx_hporelatedlink_pi1\" -->  \t<\/div>\n<p> \t<!--  CONTENT ELEMENT, uid:16895\/textpic [end] --> \t\t<!--TYPO3SEARCH_end--> <\/div>\n","protected":false},"excerpt":{"rendered":"<p>Est\u00e1n invitados a contribuir con el env\u00edo de Comunicaciones al Forum de Ecomuseos y Museos Comunitarios, que tendr\u00e1 lugar durante la Conferencia General del ICOM, del 6 al 8 de julio de 2016, presentando proyectos, experiencias y reflexiones sobre el tema de la Conferencia: &#8220;Museos y Paisajes Culturales&#8221;. Fecha l\u00edmite : 30 Marzo 2016 Haga [&hellip;]<\/p>\n","protected":false},"author":1,"featured_media":0,"parent":218,"menu_order":1,"comment_status":"closed","ping_status":"closed","template":"","meta":{"footnotes":""},"yst_prominent_words":[],"acf":[],"_links":{"self":[{"href":"https:\/\/icom-milano-2016.mini.icom.museum\/es\/wp-json\/wp\/v2\/pages\/1866"}],"collection":[{"href":"https:\/\/icom-milano-2016.mini.icom.museum\/es\/wp-json\/wp\/v2\/pages"}],"about":[{"href":"https:\/\/icom-milano-2016.mini.icom.museum\/es\/wp-json\/wp\/v2\/types\/page"}],"author":[{"embeddable":true,"href":"https:\/\/icom-milano-2016.mini.icom.museum\/es\/wp-json\/wp\/v2\/users\/1"}],"replies":[{"embeddable":true,"href":"https:\/\/icom-milano-2016.mini.icom.museum\/es\/wp-json\/wp\/v2\/comments?post=1866"}],"version-history":[{"count":1,"href":"https:\/\/icom-milano-2016.mini.icom.museum\/es\/wp-json\/wp\/v2\/pages\/1866\/revisions"}],"predecessor-version":[{"id":12907,"href":"https:\/\/icom-milano-2016.mini.icom.museum\/es\/wp-json\/wp\/v2\/pages\/1866\/revisions\/12907"}],"up":[{"embeddable":true,"href":"https:\/\/icom-milano-2016.mini.icom.museum\/es\/wp-json\/wp\/v2\/pages\/218"}],"wp:attachment":[{"href":"https:\/\/icom-milano-2016.mini.icom.museum\/es\/wp-json\/wp\/v2\/media?parent=1866"}],"wp:term":[{"taxonomy":"yst_prominent_words","embeddable":true,"href":"https:\/\/icom-milano-2016.mini.icom.museum\/es\/wp-json\/wp\/v2\/yst_prominent_words?post=1866"}],"curies":[{"name":"wp","href":"https:\/\/api.w.org\/{rel}","templated":true}]}}